{"id":767,"date":"2022-10-07T09:51:57","date_gmt":"2022-10-07T09:51:57","guid":{"rendered":"https:\/\/theme.madsparrow.me\/most\/?page_id=767"},"modified":"2024-07-02T11:07:34","modified_gmt":"2024-07-02T11:07:34","slug":"contact","status":"publish","type":"page","link":"https:\/\/mosaichamburg.com\/de\/contact\/","title":{"rendered":"Kontakt"},"content":{"rendered":"<div data-elementor-type=\"wp-page\" data-elementor-id=\"767\" class=\"elementor elementor-767\" data-elementor-post-type=\"page\">\n\t\t\t\t\t\t<section class=\"elementor-section elementor-top-section elementor-element elementor-element-7cfca8f elementor-section-boxed elementor-section-height-default elementor-section-height-default\" data-id=\"7cfca8f\" data-element_type=\"section\">\n\t\t\t\t\t\t<div class=\"elementor-container elementor-column-gap-extended\">\n\t\t\t\t\t<div class=\"elementor-column elementor-col-100 elementor-top-column elementor-element elementor-element-d0eae8b\" data-id=\"d0eae8b\" data-element_type=\"column\">\n\t\t\t<div class=\"elementor-widget-wrap elementor-element-populated\">\n\t\t\t\t\t\t<div class=\"elementor-element elementor-element-4a743a2 elementor-widget elementor-widget-spacer\" data-id=\"4a743a2\" data-element_type=\"widget\" data-widget_type=\"spacer.default\">\n\t\t\t\t<div class=\"elementor-widget-container\">\n\t\t\t\t\t<div class=\"elementor-spacer\">\n\t\t\t<div class=\"elementor-spacer-inner\"><\/div>\n\t\t<\/div>\n\t\t\t\t<\/div>\n\t\t\t\t<\/div>\n\t\t\t\t<div class=\"elementor-element elementor-element-9099511 elementor-widget elementor-widget-spacer\" data-id=\"9099511\" data-element_type=\"widget\" data-widget_type=\"spacer.default\">\n\t\t\t\t<div class=\"elementor-widget-container\">\n\t\t\t\t\t<div class=\"elementor-spacer\">\n\t\t\t<div class=\"elementor-spacer-inner\"><\/div>\n\t\t<\/div>\n\t\t\t\t<\/div>\n\t\t\t\t<\/div>\n\t\t\t\t\t<\/div>\n\t\t<\/div>\n\t\t\t\t\t<\/div>\n\t\t<\/section>\n\t\t\t\t<section class=\"elementor-section elementor-top-section elementor-element elementor-element-dd866d6 elementor-section-boxed elementor-section-height-default elementor-section-height-default\" data-id=\"dd866d6\" data-element_type=\"section\">\n\t\t\t\t\t\t<div class=\"elementor-container elementor-column-gap-no\">\n\t\t\t\t\t<div class=\"elementor-column elementor-col-100 elementor-top-column elementor-element elementor-element-8e605a1\" data-id=\"8e605a1\" data-element_type=\"column\">\n\t\t\t<div class=\"elementor-widget-wrap elementor-element-populated\">\n\t\t\t\t\t\t<section class=\"elementor-section elementor-inner-section elementor-element elementor-element-0eb0538 elementor-section-full_width elementor-section-height-default elementor-section-height-default\" data-id=\"0eb0538\" data-element_type=\"section\">\n\t\t\t\t\t\t<div class=\"elementor-container elementor-column-gap-extended\">\n\t\t\t\t\t<div class=\"elementor-column elementor-col-100 elementor-inner-column elementor-element elementor-element-1be8366\" data-id=\"1be8366\" data-element_type=\"column\">\n\t\t\t<div class=\"elementor-widget-wrap elementor-element-populated\">\n\t\t\t\t\t\t<div class=\"elementor-element elementor-element-b6cfd8d elementor-widget elementor-widget-heading\" data-id=\"b6cfd8d\" data-element_type=\"widget\" data-widget_type=\"heading.default\">\n\t\t\t\t<div class=\"elementor-widget-container\">\n\t\t\t<h4 class=\"elementor-heading-title elementor-size-default\">Haben Sie ein Projekt oder eine Partnerschaft im Sinn?<\/h4>\t\t<\/div>\n\t\t\t\t<\/div>\n\t\t\t\t<div class=\"elementor-element elementor-element-609af39 elementor-widget elementor-widget-text-editor\" data-id=\"609af39\" data-element_type=\"widget\" data-widget_type=\"text-editor.default\">\n\t\t\t\t<div class=\"elementor-widget-container\">\n\t\t\t\t\t\t\t<h5 class=\"p1\">Wir w\u00fcrden gerne von Ihnen h\u00f6ren!<\/h5><h5>\u00a0<\/h5><h5 class=\"p1\">Ob Sie eine neue Idee haben, eine kreative L\u00f6sung ben\u00f6tigen oder einfach nur M\u00f6glichkeiten erkunden m\u00f6chten \u2013 unser Team bei Mosaic Media ist hier, um Ihnen zu helfen.<\/h5><h5>\u00a0<\/h5><h5 class=\"p1\">Buchen Sie unten ein Meeting, um die beste Option f\u00fcr Sie zu finden.<\/h5>\t\t\t\t\t\t<\/div>\n\t\t\t\t<\/div>\n\t\t\t\t<section class=\"elementor-section elementor-inner-section elementor-element elementor-element-fcf4b65 elementor-section-full_width elementor-section-height-default elementor-section-height-default\" data-id=\"fcf4b65\" data-element_type=\"section\">\n\t\t\t\t\t\t<div class=\"elementor-container elementor-column-gap-no\">\n\t\t\t\t\t<div class=\"elementor-column elementor-col-100 elementor-inner-column elementor-element elementor-element-19db0b8\" data-id=\"19db0b8\" data-element_type=\"column\">\n\t\t\t<div class=\"elementor-widget-wrap elementor-element-populated\">\n\t\t\t\t\t\t\t<\/div>\n\t\t<\/div>\n\t\t\t\t\t<\/div>\n\t\t<\/section>\n\t\t\t\t\t<\/div>\n\t\t<\/div>\n\t\t\t\t\t<\/div>\n\t\t<\/section>\n\t\t\t\t<div class=\"elementor-element elementor-element-68bdd94 elementor-widget elementor-widget-html\" data-id=\"68bdd94\" data-element_type=\"widget\" data-widget_type=\"html.default\">\n\t\t\t\t<div class=\"elementor-widget-container\">\n\t\t\t<!-- Calendly inline widget begin -->\n<div class=\"calendly-inline-widget\" data-url=\"https:\/\/calendly.com\/mosaichamburg\/30min?primary_color=68fac1\" style=\"min-width:320px;height:700px;\"><\/div>\n<script type=\"text\/javascript\" src=\"https:\/\/assets.calendly.com\/assets\/external\/widget.js\" async><\/script>\n<!-- Calendly inline widget end -->\t\t<\/div>\n\t\t\t\t<\/div>\n\t\t\t\t<div class=\"elementor-element elementor-element-4ceaf95 elementor-widget elementor-widget-google_maps\" data-id=\"4ceaf95\" data-element_type=\"widget\" data-widget_type=\"google_maps.default\">\n\t\t\t\t<div class=\"elementor-widget-container\">\n\t\t\t\t\t<div class=\"elementor-custom-embed\">\n\t\t\t<iframe loading=\"lazy\"\n\t\t\t\t\tsrc=\"https:\/\/maps.google.com\/maps?q=Neue%20Flora&#038;t=m&#038;z=15&#038;output=embed&#038;iwloc=near\"\n\t\t\t\t\ttitle=\"Neue Flora\"\n\t\t\t\t\taria-label=\"Neue Flora\"\n\t\t\t><\/iframe>\n\t\t<\/div>\n\t\t\t\t<\/div>\n\t\t\t\t<\/div>\n\t\t\t\t\t<\/div>\n\t\t<\/div>\n\t\t\t\t\t<\/div>\n\t\t<\/section>\n\t\t<div class=\"elementor-element elementor-element-5a5c0ba e-flex e-con-boxed e-con e-parent\" data-id=\"5a5c0ba\" data-element_type=\"container\">\n\t\t\t\t\t<div class=\"e-con-inner\">\n\t\t\t\t\t<\/div>\n\t\t\t\t<\/div>\n\t\t\t\t<\/div>","protected":false},"excerpt":{"rendered":"<p>Got A Project In Mind? We\u2019d love to hear from you! \u00a0 Whether you have a new idea, need a creative solution, or just [&hellip;]<\/p>","protected":false},"author":1,"featured_media":0,"parent":0,"menu_order":0,"comment_status":"closed","ping_status":"closed","template":"page-custom.php","meta":{"_acf_changed":false,"_monsterinsights_skip_tracking":false,"_monsterinsights_sitenote_active":false,"_monsterinsights_sitenote_note":"","_monsterinsights_sitenote_category":0,"footnotes":""},"class_list":["post-767","page","type-page","status-publish","hentry"],"acf":{"full_width":false,"header_transparent":false,"header_white":false},"yoast_head":"<!-- This site is optimized with the Yoast SEO plugin v22.8 - https:\/\/yoast.com\/wordpress\/plugins\/seo\/ -->\n<title>Contact - Mosaic media<\/title>\n<meta name=\"robots\" content=\"index, follow, max-snippet:-1, max-image-preview:large, max-video-preview:-1\" \/>\n<link rel=\"canonical\" href=\"https:\/\/mosaichamburg.com\/de\/contact\/\" \/>\n<meta property=\"og:locale\" content=\"de_DE\" \/>\n<meta property=\"og:type\" content=\"article\" \/>\n<meta property=\"og:title\" content=\"Contact - Mosaic media\" \/>\n<meta property=\"og:description\" content=\"Got A Project In Mind? We\u2019d love to hear from you! \u00a0 Whether you have a new idea, need a creative solution, or just [&hellip;]\" \/>\n<meta property=\"og:url\" content=\"https:\/\/mosaichamburg.com\/de\/contact\/\" \/>\n<meta property=\"og:site_name\" content=\"Mosaic media\" \/>\n<meta property=\"article:modified_time\" content=\"2024-07-02T11:07:34+00:00\" \/>\n<meta name=\"twitter:card\" content=\"summary_large_image\" \/>\n<meta name=\"twitter:label1\" content=\"Gesch\u00e4tzte Lesezeit\" \/>\n\t<meta name=\"twitter:data1\" content=\"1\u00a0Minute\" \/>\n<script type=\"application\/ld+json\" class=\"yoast-schema-graph\">{\"@context\":\"https:\/\/schema.org\",\"@graph\":[{\"@type\":\"WebPage\",\"@id\":\"https:\/\/mosaichamburg.com\/contact\/\",\"url\":\"https:\/\/mosaichamburg.com\/contact\/\",\"name\":\"Contact - Mosaic media\",\"isPartOf\":{\"@id\":\"https:\/\/mosaic-agency-363f19.ingress-florina.ewp.live\/#website\"},\"datePublished\":\"2022-10-07T09:51:57+00:00\",\"dateModified\":\"2024-07-02T11:07:34+00:00\",\"breadcrumb\":{\"@id\":\"https:\/\/mosaichamburg.com\/contact\/#breadcrumb\"},\"inLanguage\":\"de\",\"potentialAction\":[{\"@type\":\"ReadAction\",\"target\":[\"https:\/\/mosaichamburg.com\/contact\/\"]}]},{\"@type\":\"BreadcrumbList\",\"@id\":\"https:\/\/mosaichamburg.com\/contact\/#breadcrumb\",\"itemListElement\":[{\"@type\":\"ListItem\",\"position\":1,\"name\":\"Home\",\"item\":\"https:\/\/mosaichamburg.com\/\"},{\"@type\":\"ListItem\",\"position\":2,\"name\":\"Contact\"}]},{\"@type\":\"WebSite\",\"@id\":\"https:\/\/mosaic-agency-363f19.ingress-florina.ewp.live\/#website\",\"url\":\"https:\/\/mosaic-agency-363f19.ingress-florina.ewp.live\/\",\"name\":\"Mosaic media\",\"description\":\"piecing dreams together\",\"publisher\":{\"@id\":\"https:\/\/mosaic-agency-363f19.ingress-florina.ewp.live\/#organization\"},\"potentialAction\":[{\"@type\":\"SearchAction\",\"target\":{\"@type\":\"EntryPoint\",\"urlTemplate\":\"https:\/\/mosaic-agency-363f19.ingress-florina.ewp.live\/?s={search_term_string}\"},\"query-input\":\"required name=search_term_string\"}],\"inLanguage\":\"de\"},{\"@type\":\"Organization\",\"@id\":\"https:\/\/mosaic-agency-363f19.ingress-florina.ewp.live\/#organization\",\"name\":\"Mosaic media\",\"url\":\"https:\/\/mosaic-agency-363f19.ingress-florina.ewp.live\/\",\"logo\":{\"@type\":\"ImageObject\",\"inLanguage\":\"de\",\"@id\":\"https:\/\/mosaic-agency-363f19.ingress-florina.ewp.live\/#\/schema\/logo\/image\/\",\"url\":\"https:\/\/mosaichamburg.com\/wp-content\/uploads\/2024\/06\/MosaicLogo.png\",\"contentUrl\":\"https:\/\/mosaichamburg.com\/wp-content\/uploads\/2024\/06\/MosaicLogo.png\",\"width\":673,\"height\":672,\"caption\":\"Mosaic media\"},\"image\":{\"@id\":\"https:\/\/mosaic-agency-363f19.ingress-florina.ewp.live\/#\/schema\/logo\/image\/\"}}]}<\/script>\n<!-- \/ Yoast SEO plugin. -->","yoast_head_json":{"title":"Contact - Mosaic media","robots":{"index":"index","follow":"follow","max-snippet":"max-snippet:-1","max-image-preview":"max-image-preview:large","max-video-preview":"max-video-preview:-1"},"canonical":"https:\/\/mosaichamburg.com\/de\/contact\/","og_locale":"de_DE","og_type":"article","og_title":"Contact - Mosaic media","og_description":"Got A Project In Mind? We\u2019d love to hear from you! \u00a0 Whether you have a new idea, need a creative solution, or just [&hellip;]","og_url":"https:\/\/mosaichamburg.com\/de\/contact\/","og_site_name":"Mosaic media","article_modified_time":"2024-07-02T11:07:34+00:00","twitter_card":"summary_large_image","twitter_misc":{"Gesch\u00e4tzte Lesezeit":"1\u00a0Minute"},"schema":{"@context":"https:\/\/schema.org","@graph":[{"@type":"WebPage","@id":"https:\/\/mosaichamburg.com\/contact\/","url":"https:\/\/mosaichamburg.com\/contact\/","name":"Contact - Mosaic media","isPartOf":{"@id":"https:\/\/mosaic-agency-363f19.ingress-florina.ewp.live\/#website"},"datePublished":"2022-10-07T09:51:57+00:00","dateModified":"2024-07-02T11:07:34+00:00","breadcrumb":{"@id":"https:\/\/mosaichamburg.com\/contact\/#breadcrumb"},"inLanguage":"de","potentialAction":[{"@type":"ReadAction","target":["https:\/\/mosaichamburg.com\/contact\/"]}]},{"@type":"BreadcrumbList","@id":"https:\/\/mosaichamburg.com\/contact\/#breadcrumb","itemListElement":[{"@type":"ListItem","position":1,"name":"Home","item":"https:\/\/mosaichamburg.com\/"},{"@type":"ListItem","position":2,"name":"Contact"}]},{"@type":"WebSite","@id":"https:\/\/mosaic-agency-363f19.ingress-florina.ewp.live\/#website","url":"https:\/\/mosaic-agency-363f19.ingress-florina.ewp.live\/","name":"Mosaic media","description":"piecing dreams together","publisher":{"@id":"https:\/\/mosaic-agency-363f19.ingress-florina.ewp.live\/#organization"},"potentialAction":[{"@type":"SearchAction","target":{"@type":"EntryPoint","urlTemplate":"https:\/\/mosaic-agency-363f19.ingress-florina.ewp.live\/?s={search_term_string}"},"query-input":"required name=search_term_string"}],"inLanguage":"de"},{"@type":"Organization","@id":"https:\/\/mosaic-agency-363f19.ingress-florina.ewp.live\/#organization","name":"Mosaic media","url":"https:\/\/mosaic-agency-363f19.ingress-florina.ewp.live\/","logo":{"@type":"ImageObject","inLanguage":"de","@id":"https:\/\/mosaic-agency-363f19.ingress-florina.ewp.live\/#\/schema\/logo\/image\/","url":"https:\/\/mosaichamburg.com\/wp-content\/uploads\/2024\/06\/MosaicLogo.png","contentUrl":"https:\/\/mosaichamburg.com\/wp-content\/uploads\/2024\/06\/MosaicLogo.png","width":673,"height":672,"caption":"Mosaic media"},"image":{"@id":"https:\/\/mosaic-agency-363f19.ingress-florina.ewp.live\/#\/schema\/logo\/image\/"}}]}},"_links":{"self":[{"href":"https:\/\/mosaichamburg.com\/de\/wp-json\/wp\/v2\/pages\/767","targetHints":{"allow":["GET"]}}],"collection":[{"href":"https:\/\/mosaichamburg.com\/de\/wp-json\/wp\/v2\/pages"}],"about":[{"href":"https:\/\/mosaichamburg.com\/de\/wp-json\/wp\/v2\/types\/page"}],"author":[{"embeddable":true,"href":"https:\/\/mosaichamburg.com\/de\/wp-json\/wp\/v2\/users\/1"}],"replies":[{"embeddable":true,"href":"https:\/\/mosaichamburg.com\/de\/wp-json\/wp\/v2\/comments?post=767"}],"version-history":[{"count":5,"href":"https:\/\/mosaichamburg.com\/de\/wp-json\/wp\/v2\/pages\/767\/revisions"}],"predecessor-version":[{"id":3547,"href":"https:\/\/mosaichamburg.com\/de\/wp-json\/wp\/v2\/pages\/767\/revisions\/3547"}],"wp:attachment":[{"href":"https:\/\/mosaichamburg.com\/de\/wp-json\/wp\/v2\/media?parent=767"}],"curies":[{"name":"wp","href":"https:\/\/api.w.org\/{rel}","templated":true}]}}